{"id":3301,"date":"2025-06-10T14:40:24","date_gmt":"2025-06-10T12:40:24","guid":{"rendered":"https:\/\/vilanovafinques.com\/vilanova-finques\/"},"modified":"2025-06-10T14:40:24","modified_gmt":"2025-06-10T12:40:24","slug":"vilanova-finques","status":"publish","type":"page","link":"https:\/\/vilanovafinques.com\/ca\/vilanova-finques\/","title":{"rendered":"Vilanova Finques"},"content":{"rendered":"\t\t<div data-elementor-type=\"wp-page\" data-elementor-id=\"3301\" class=\"elementor elementor-3301 elementor-82\" data-elementor-post-type=\"page\">\n\t\t\t\t<div class=\"elementor-element elementor-element-18ccf5b e-con-full animated-slow e-flex elementor-invisible e-con e-parent\" data-id=\"18ccf5b\" data-element_type=\"container\" data-e-type=\"container\" data-settings=\"{&quot;animation&quot;:&quot;fadeIn&quot;,&quot;background_background&quot;:&quot;classic&quot;,&quot;sticky&quot;:&quot;top&quot;,&quot;sticky_on&quot;:[&quot;desktop&quot;,&quot;laptop&quot;,&quot;tablet&quot;,&quot;mobile&quot;],&quot;sticky_offset&quot;:0,&quot;sticky_effects_offset&quot;:0,&quot;sticky_anchor_link_offset&quot;:0}\">\n\t\t\t\t\t\t\t<h2 \n\t\tdata-interaction-id=\"b18f824\" \n\t\tclass=\"e-b18f824-a83d5ea e-heading-base\" \n\t\t \n\t\tdata-e-type=\"widget\" data-id=\"b18f824\"\n\t\t\t>\n\t\n\t\t\tNos mueve la vocaci\u00f3n de ayudar y el compromiso de estar a tu lado. <br \/>\nPorque no pensamos en inmuebles, pensamos en personas.\n\n\t\t<\/h2>\n\t\t\t\t<\/div>\n\t\t<div class=\"elementor-element elementor-element-42fdd72 animated-slow elementor-hidden-mobile e-flex e-con-boxed elementor-invisible e-con e-parent\" data-id=\"42fdd72\" data-element_type=\"container\" data-e-type=\"container\" data-settings=\"{&quot;background_background&quot;:&quot;classic&quot;,&quot;animation&quot;:&quot;fadeIn&quot;}\">\n\t\t\t\t\t<div class=\"e-con-inner\">\n\t\t\t\t\t<\/div>\n\t\t\t\t<\/div>\n\t\t<div class=\"elementor-element elementor-element-188d8e6 e-con-full e-flex e-con e-parent\" data-id=\"188d8e6\" data-element_type=\"container\" data-e-type=\"container\" data-settings=\"{&quot;background_background&quot;:&quot;classic&quot;}\">\n\t\t<div class=\"elementor-element elementor-element-ec1bf10 e-con-full animated-slow e-flex elementor-invisible e-con e-child\" data-id=\"ec1bf10\" data-element_type=\"container\" data-e-type=\"container\" data-settings=\"{&quot;background_background&quot;:&quot;classic&quot;,&quot;animation&quot;:&quot;fadeIn&quot;}\">\n\t\t<div class=\"elementor-element elementor-element-54c3103 e-con-full e-flex e-con e-child\" data-id=\"54c3103\" data-element_type=\"container\" data-e-type=\"container\" data-settings=\"{&quot;background_background&quot;:&quot;classic&quot;}\">\n\t\t\t\t<\/div>\n\t\t<div class=\"elementor-element elementor-element-047296c e-con-full animated-slow e-flex elementor-invisible e-con e-child\" data-id=\"047296c\" data-element_type=\"container\" data-e-type=\"container\" data-settings=\"{&quot;animation&quot;:&quot;fadeIn&quot;}\">\n\t\t\t\t\t\t\t<h2 \n\t\tdata-interaction-id=\"d0abefc\" \n\t\tclass=\"e-d0abefc-2567198 e-heading-base\" \n\t\t \n\t\tdata-e-type=\"widget\" data-id=\"d0abefc\"\n\t\t\t>\n\t\n\t\t\tEquipo directivo de Vilanova.\n\t\t<\/h2>\n\t\t\t\t<div class=\"elementor-element elementor-element-d9b6d7c elementor-widget elementor-widget-text-editor\" data-id=\"d9b6d7c\" data-element_type=\"widget\" data-e-type=\"widget\" data-widget_type=\"text-editor.default\">\n\t\t\t\t<div class=\"elementor-widget-container\">\n\t\t\t\t\t\t\t\t\t<p>Ricard Vilanova, CEO de Vilanova Finques, lidera la tercera generaci\u00f3n de una empresa familiar nacida en Reus y profundamente vinculada a la ciudad.<\/p><p>Su abuelo, Joan Vilanova i Monta\u00f1\u00e0, alcalde de Reus a finales de los a\u00f1os 20, fund\u00f3 la empresa hace m\u00e1s de 70 a\u00f1os. D\u00e9cadas despu\u00e9s, Llu\u00eds Vilanova Sagnier tom\u00f3 el relevo, consolid\u00f3 la marca y supo adaptarla a los cambios de un sector en constante evoluci\u00f3n.<\/p><p>En los a\u00f1os 80, Ricard asumi\u00f3 esa responsabilidad con una mirada renovada. Ha impulsado la modernizaci\u00f3n de la empresa y ha reforzado una forma de trabajar m\u00e1s cercana y abierta, consolidando a Vilanova Finques como una inmobiliaria de referencia en Reus.<\/p><p>Anna aporta sensibilidad, orden y visi\u00f3n est\u00e9tica. Apasionada del dise\u00f1o y la decoraci\u00f3n, mira cada vivienda m\u00e1s all\u00e1 de los metros cuadrados. Como gerente y coordinadora del equipo comercial, es el nexo de uni\u00f3n entre el equipo y los clientes, organiza procesos y cuida cada detalle para que el cliente se sienta acompa\u00f1ado en todo momento.<\/p>\t\t\t\t\t\t\t\t<\/div>\n\t\t\t\t<\/div>\n\t\t\t\t<div class=\"elementor-element elementor-element-f9ea6fb elementor-widget elementor-widget-button\" data-id=\"f9ea6fb\" data-element_type=\"widget\" data-e-type=\"widget\" data-widget_type=\"button.default\">\n\t\t\t\t<div class=\"elementor-widget-container\">\n\t\t\t\t\t\t\t\t\t<div class=\"elementor-button-wrapper\">\n\t\t\t\t\t<a class=\"elementor-button elementor-button-link elementor-size-sm\" href=\"https:\/\/vilanovafinques.com\/ca\/contacte\/\">\n\t\t\t\t\t\t<span class=\"elementor-button-content-wrapper\">\n\t\t\t\t\t\t<span class=\"elementor-button-icon\">\n\t\t\t\t<svg aria-hidden=\"true\" class=\"e-font-icon-svg e-fas-angle-right\" viewBox=\"0 0 256 512\" xmlns=\"http:\/\/www.w3.org\/2000\/svg\"><path d=\"M224.3 273l-136 136c-9.4 9.4-24.6 9.4-33.9 0l-22.6-22.6c-9.4-9.4-9.4-24.6 0-33.9l96.4-96.4-96.4-96.4c-9.4-9.4-9.4-24.6 0-33.9L54.3 103c9.4-9.4 24.6-9.4 33.9 0l136 136c9.5 9.4 9.5 24.6.1 34z\"><\/path><\/svg>\t\t\t<\/span>\n\t\t\t\t\t\t\t\t\t<span class=\"elementor-button-text\">Contactar con nosotros<\/span>\n\t\t\t\t\t<\/span>\n\t\t\t\t\t<\/a>\n\t\t\t\t<\/div>\n\t\t\t\t\t\t\t\t<\/div>\n\t\t\t\t<\/div>\n\t\t\t\t<\/div>\n\t\t\t\t<\/div>\n\t\t\t\t<\/div>\n\t\t<div class=\"elementor-element elementor-element-a3c797a e-con-full e-flex e-con e-parent\" data-id=\"a3c797a\" data-element_type=\"container\" data-e-type=\"container\" data-settings=\"{&quot;background_background&quot;:&quot;classic&quot;}\">\n\t\t\t\t\t\t\t<h2 \n\t\tdata-interaction-id=\"0d435d0\" \n\t\tclass=\"e-0d435d0-fce3dd5 e-heading-base\" \n\t\t \n\t\tdata-e-type=\"widget\" data-id=\"0d435d0\"\n\t\t\t>\n\t\n\t\t\tQu\u00e9 dicen nuestros clientes\n\t\t<\/h2>\n\t\t\t\t<div class=\"elementor-element elementor-element-41b6b2a elementor-testimonial--layout-image_above elementor-testimonial--skin-default elementor-testimonial--align-center elementor-pagination-type-bullets elementor-widget elementor-widget-testimonial-carousel\" data-id=\"41b6b2a\" data-element_type=\"widget\" data-e-type=\"widget\" data-settings=\"{&quot;slides_per_view&quot;:&quot;3&quot;,&quot;slides_to_scroll&quot;:&quot;1&quot;,&quot;speed&quot;:0,&quot;autoplay_speed&quot;:8000,&quot;space_between&quot;:{&quot;unit&quot;:&quot;px&quot;,&quot;size&quot;:40,&quot;sizes&quot;:[]},&quot;pagination&quot;:&quot;bullets&quot;,&quot;autoplay&quot;:&quot;yes&quot;,&quot;pause_on_hover&quot;:&quot;yes&quot;,&quot;pause_on_interaction&quot;:&quot;yes&quot;,&quot;space_between_laptop&quot;:{&quot;unit&quot;:&quot;px&quot;,&quot;size&quot;:10,&quot;sizes&quot;:[]},&quot;space_between_tablet&quot;:{&quot;unit&quot;:&quot;px&quot;,&quot;size&quot;:10,&quot;sizes&quot;:[]},&quot;space_between_mobile&quot;:{&quot;unit&quot;:&quot;px&quot;,&quot;size&quot;:10,&quot;sizes&quot;:[]}}\" data-widget_type=\"testimonial-carousel.default\">\n\t\t\t\t<div class=\"elementor-widget-container\">\n\t\t\t\t\t\t\t\t\t<div class=\"elementor-swiper\">\n\t\t\t\t\t<div class=\"elementor-main-swiper swiper\" role=\"region\" aria-roledescription=\"carousel\" aria-label=\"Diapositivas\">\n\t\t\t\t<div class=\"swiper-wrapper\">\n\t\t\t\t\t\t\t\t\t\t\t<div class=\"swiper-slide\" role=\"group\" aria-roledescription=\"slide\">\n\t\t\t\t\t\t\t\t\t<div class=\"elementor-testimonial\">\n\t\t\t\t\t\t\t<div class=\"elementor-testimonial__content\">\n\t\t\t\t\t<div class=\"elementor-testimonial__text\">\n\t\t\t\t\t\tRicard Vilanova junto con su equipo han sido muy agradables y nos han facilitado mucho nuestra vente sin duda son grandes profesionales con un trato muy amable\t\t\t\t\t<\/div>\n\t\t\t\t\t<cite class=\"elementor-testimonial__cite\"><span class=\"elementor-testimonial__name\">Alex Ros Cano<\/span><\/cite>\t\t\t\t<\/div>\n\t\t\t\t\t\t<div class=\"elementor-testimonial__footer\">\n\t\t\t\t\t\t\t\t\t\t\t<\/div>\n\t\t<\/div>\n\t\t\t\t\t\t\t\t<\/div>\n\t\t\t\t\t\t\t\t\t\t\t<div class=\"swiper-slide\" role=\"group\" aria-roledescription=\"slide\">\n\t\t\t\t\t\t\t\t\t<div class=\"elementor-testimonial\">\n\t\t\t\t\t\t\t<div class=\"elementor-testimonial__content\">\n\t\t\t\t\t<div class=\"elementor-testimonial__text\">\n\t\t\t\t\t\tFelicitar a Finques Vilanova i al Ricard qui ha estat la persona referent en la compra de la nostra vivenda. El tracte proper i professional ens ha encantat desde el primer moment. Gr\u00e0cies per ajudar-nos a fer el nostre somni realitat. 100% recomenable\t\t\t\t\t<\/div>\n\t\t\t\t\t<cite class=\"elementor-testimonial__cite\"><span class=\"elementor-testimonial__name\">Corike<\/span><\/cite>\t\t\t\t<\/div>\n\t\t\t\t\t\t<div class=\"elementor-testimonial__footer\">\n\t\t\t\t\t\t\t\t\t<div class=\"elementor-testimonial__image\">\n\t\t\t\t\t\t<img decoding=\"async\" src=\"https:\/\/vilanovafinques.com\/wp-content\/plugins\/elementor\/assets\/images\/placeholder.png\" alt=\"Corike\" title=\"\">\n\t\t\t\t\t\t\t\t\t\t\t<\/div>\n\t\t\t\t\t\t\t\t\t\t\t<\/div>\n\t\t<\/div>\n\t\t\t\t\t\t\t\t<\/div>\n\t\t\t\t\t\t\t\t\t\t\t<div class=\"swiper-slide\" role=\"group\" aria-roledescription=\"slide\">\n\t\t\t\t\t\t\t\t\t<div class=\"elementor-testimonial\">\n\t\t\t\t\t\t\t<div class=\"elementor-testimonial__content\">\n\t\t\t\t\t<div class=\"elementor-testimonial__text\">\n\t\t\t\t\t\tHemos comprado una vivienda a trav\u00e9s de su inmobiliaria y la verdad que el trato a sido s\u00faper cercano y muy profesional, gracias a Ricard y en especial a Ana por la gesti\u00f3n y el acompa\u00f1amiento durante todo el proceso.\t\t\t\t\t<\/div>\n\t\t\t\t\t<cite class=\"elementor-testimonial__cite\"><span class=\"elementor-testimonial__name\">Raquel L\u00f3pez Maya<\/span><\/cite>\t\t\t\t<\/div>\n\t\t\t\t\t\t<div class=\"elementor-testimonial__footer\">\n\t\t\t\t\t\t\t\t\t<div class=\"elementor-testimonial__image\">\n\t\t\t\t\t\t<img decoding=\"async\" src=\"https:\/\/vilanovafinques.com\/wp-content\/plugins\/elementor\/assets\/images\/placeholder.png\" alt=\"Raquel L\u00f3pez Maya\" title=\"\">\n\t\t\t\t\t\t\t\t\t\t\t<\/div>\n\t\t\t\t\t\t\t\t\t\t\t<\/div>\n\t\t<\/div>\n\t\t\t\t\t\t\t\t<\/div>\n\t\t\t\t\t\t\t\t\t\t\t<div class=\"swiper-slide\" role=\"group\" aria-roledescription=\"slide\">\n\t\t\t\t\t\t\t\t\t<div class=\"elementor-testimonial\">\n\t\t\t\t\t\t\t<div class=\"elementor-testimonial__content\">\n\t\t\t\t\t<div class=\"elementor-testimonial__text\">\n\t\t\t\t\t\tEstamos muy contentos toda la familia con la atenci\u00f3n prestada, en esta inmobiliaria. Villanova Fincas. La atencion de Ana Mary exquisita, hemos adquirido un piso en alquiler, y todo el procedimiento lo ha hecho con mucha profesionalidad, atenci\u00f3n, y eficacia. La recomiendamos el 100%. Gracias Ana M y a todo el equipo que forma esta Inmobiliaria.\t\t\t\t\t<\/div>\n\t\t\t\t\t<cite class=\"elementor-testimonial__cite\"><span class=\"elementor-testimonial__name\">Susana Plaza<\/span><\/cite>\t\t\t\t<\/div>\n\t\t\t\t\t\t<div class=\"elementor-testimonial__footer\">\n\t\t\t\t\t\t\t\t\t<div class=\"elementor-testimonial__image\">\n\t\t\t\t\t\t<img decoding=\"async\" src=\"https:\/\/vilanovafinques.com\/wp-content\/plugins\/elementor\/assets\/images\/placeholder.png\" alt=\"Susana Plaza\" title=\"\">\n\t\t\t\t\t\t\t\t\t\t\t<\/div>\n\t\t\t\t\t\t\t\t\t\t\t<\/div>\n\t\t<\/div>\n\t\t\t\t\t\t\t\t<\/div>\n\t\t\t\t\t\t\t\t\t<\/div>\n\t\t\t\t\t\t\t\t\t\t\t\t\t\t\t\t\t\t\t\t<div class=\"swiper-pagination\"><\/div>\n\t\t\t\t\t\t\t\t\t\t\t\t<\/div>\n\t\t\t\t<\/div>\n\t\t\t\t\t\t\t\t<\/div>\n\t\t\t\t<\/div>\n\t\t\t\t<\/div>\n\t\t<div class=\"elementor-element elementor-element-97a0d45 animated-slow e-flex e-con-boxed elementor-invisible e-con e-parent\" data-id=\"97a0d45\" data-element_type=\"container\" data-e-type=\"container\" data-settings=\"{&quot;background_background&quot;:&quot;classic&quot;,&quot;animation&quot;:&quot;fadeIn&quot;}\">\n\t\t\t\t\t<div class=\"e-con-inner\">\n\t\t\t\t\t<\/div>\n\t\t\t\t<\/div>\n\t\t<div class=\"elementor-element elementor-element-7e396b5 e-con-full e-flex e-con e-parent\" data-id=\"7e396b5\" data-element_type=\"container\" data-e-type=\"container\" data-settings=\"{&quot;background_background&quot;:&quot;classic&quot;}\">\n\t\t<div class=\"elementor-element elementor-element-d8d7569 animated-slow e-flex e-con-boxed elementor-invisible e-con e-child\" data-id=\"d8d7569\" data-element_type=\"container\" data-e-type=\"container\" data-settings=\"{&quot;animation&quot;:&quot;fadeIn&quot;}\">\n\t\t\t\t\t<div class=\"e-con-inner\">\n\t\t\t\t\t\t\t<h2 \n\t\tdata-interaction-id=\"5c4c809\" \n\t\tclass=\"e-5c4c809-369bff3 e-heading-base\" \n\t\t \n\t\tdata-e-type=\"widget\" data-id=\"5c4c809\"\n\t\t\t>\n\t\n\t\t\tUn equipo de profesionales a tu disposici\u00f3n.\n\t\t<\/h2>\n\t\t\t\t\t<\/div>\n\t\t\t\t<\/div>\n\t\t<div class=\"elementor-element elementor-element-e38f14e animated-slow e-flex e-con-boxed elementor-invisible e-con e-child\" data-id=\"e38f14e\" data-element_type=\"container\" data-e-type=\"container\" data-settings=\"{&quot;animation&quot;:&quot;fadeIn&quot;}\">\n\t\t\t\t\t<div class=\"e-con-inner\">\n\t\t\t\t<div class=\"elementor-element elementor-element-02e0744 elementor-widget elementor-widget-text-editor\" data-id=\"02e0744\" data-element_type=\"widget\" data-e-type=\"widget\" data-widget_type=\"text-editor.default\">\n\t\t\t\t<div class=\"elementor-widget-container\">\n\t\t\t\t\t\t\t\t\t<p>En Vilanova Finques no solo trabajamos con inmuebles, trabajamos con historias, vidas y proyectos. Cada persona que se acerca a nosotros trae una motivaci\u00f3n, una ilusi\u00f3n, una expectativa \u00fanica. Y es eso lo que nos inspira a acompa\u00f1ar siempre con atenci\u00f3n, respeto y dedicaci\u00f3n.\u00a0<\/p><p>Nuestro equipo mezcla experiencia, sensibilidad y un conocimiento profundo del mercado local. Aqu\u00ed no hay soluciones est\u00e1ndar: hay di\u00e1logo, criterio y cuidado por cada detalle que importa para ti.\u00a0<\/p><p>Estamos a tu lado cuando valoramos tu propiedad, cuando la presentamos al mercado, cuando negociamos por ti y cuando celebramos contigo ese momento de cierre, sabiendo que has tomado una decisi\u00f3n informada y segura.\u00a0<\/p><p>Porque vender o comprar una vivienda no es solo una operaci\u00f3n: es una experiencia vital que merece ser acompa\u00f1ada por quienes entienden lo que significa para ti.<\/p>\t\t\t\t\t\t\t\t<\/div>\n\t\t\t\t<\/div>\n\t\t\t\t\t<\/div>\n\t\t\t\t<\/div>\n\t\t\t\t<\/div>\n\t\t<div class=\"elementor-element elementor-element-96423fa e-con-full animated-slow e-flex elementor-invisible e-con e-parent\" data-id=\"96423fa\" data-element_type=\"container\" data-e-type=\"container\" data-settings=\"{&quot;animation&quot;:&quot;fadeIn&quot;,&quot;background_background&quot;:&quot;classic&quot;}\">\n\t\t<div class=\"elementor-element elementor-element-4774ff9 e-con-full animated-slow e-flex elementor-invisible e-con e-child\" data-id=\"4774ff9\" data-element_type=\"container\" data-e-type=\"container\" data-settings=\"{&quot;animation&quot;:&quot;fadeIn&quot;}\">\n\t\t\t\t\t\t\t<h3 \n\t\tdata-interaction-id=\"145ce4b\" \n\t\tclass=\"e-145ce4b-b9ff848 e-heading-base\" \n\t\t \n\t\tdata-e-type=\"widget\" data-id=\"145ce4b\"\n\t\t\t>\n\t\n\t\t\tEstamos en el coraz\u00f3n de Reus, te esperamos.\n\t\t<\/h3>\n\t\t\t\t<div class=\"elementor-element elementor-element-37b41cf elementor-widget__width-auto elementor-widget elementor-widget-button\" data-id=\"37b41cf\" data-element_type=\"widget\" data-e-type=\"widget\" data-widget_type=\"button.default\">\n\t\t\t\t<div class=\"elementor-widget-container\">\n\t\t\t\t\t\t\t\t\t<div class=\"elementor-button-wrapper\">\n\t\t\t\t\t<a class=\"elementor-button elementor-button-link elementor-size-sm\" href=\"https:\/\/vilanovafinques.com\/ca\/contacte\/\">\n\t\t\t\t\t\t<span class=\"elementor-button-content-wrapper\">\n\t\t\t\t\t\t<span class=\"elementor-button-icon\">\n\t\t\t\t<svg aria-hidden=\"true\" class=\"e-font-icon-svg e-fas-angle-right\" viewBox=\"0 0 256 512\" xmlns=\"http:\/\/www.w3.org\/2000\/svg\"><path d=\"M224.3 273l-136 136c-9.4 9.4-24.6 9.4-33.9 0l-22.6-22.6c-9.4-9.4-9.4-24.6 0-33.9l96.4-96.4-96.4-96.4c-9.4-9.4-9.4-24.6 0-33.9L54.3 103c9.4-9.4 24.6-9.4 33.9 0l136 136c9.5 9.4 9.5 24.6.1 34z\"><\/path><\/svg>\t\t\t<\/span>\n\t\t\t\t\t\t\t\t\t<span class=\"elementor-button-text\">CONTACTAR<\/span>\n\t\t\t\t\t<\/span>\n\t\t\t\t\t<\/a>\n\t\t\t\t<\/div>\n\t\t\t\t\t\t\t\t<\/div>\n\t\t\t\t<\/div>\n\t\t\t\t<\/div>\n\t\t\t\t<div class=\"elementor-element elementor-element-4cd66d4 elementor-widget elementor-widget-image\" data-id=\"4cd66d4\" data-element_type=\"widget\" data-e-type=\"widget\" data-widget_type=\"image.default\">\n\t\t\t\t<div class=\"elementor-widget-container\">\n\t\t\t\t\t\t\t\t\t\t\t\t\t\t\t<img fetchpriority=\"high\" decoding=\"async\" width=\"1719\" height=\"1044\" src=\"https:\/\/vilanovafinques.com\/wp-content\/uploads\/2025\/12\/Vilanova-Finques.jpg\" class=\"attachment-full size-full wp-image-3306\" alt=\"Vilanova Finques\" srcset=\"https:\/\/vilanovafinques.com\/wp-content\/uploads\/2025\/12\/Vilanova-Finques.jpg 1719w, https:\/\/vilanovafinques.com\/wp-content\/uploads\/2025\/12\/Vilanova-Finques-300x182.jpg 300w, https:\/\/vilanovafinques.com\/wp-content\/uploads\/2025\/12\/Vilanova-Finques-1024x622.jpg 1024w, https:\/\/vilanovafinques.com\/wp-content\/uploads\/2025\/12\/Vilanova-Finques-768x466.jpg 768w, https:\/\/vilanovafinques.com\/wp-content\/uploads\/2025\/12\/Vilanova-Finques-1536x933.jpg 1536w\" sizes=\"(max-width: 1719px) 100vw, 1719px\" title=\"\">\t\t\t\t\t\t\t\t\t\t\t\t\t\t\t<\/div>\n\t\t\t\t<\/div>\n\t\t\t\t<\/div>\n\t\t<div class=\"elementor-element elementor-element-1ca86e6 e-con-full e-flex elementor-invisible e-con e-parent\" data-id=\"1ca86e6\" data-element_type=\"container\" data-e-type=\"container\" data-settings=\"{&quot;animation&quot;:&quot;fadeIn&quot;,&quot;background_background&quot;:&quot;classic&quot;}\">\n\t\t\t\t<div class=\"elementor-element elementor-element-b3e22e8 elementor-widget elementor-widget-html\" data-id=\"b3e22e8\" data-element_type=\"widget\" data-e-type=\"widget\" data-widget_type=\"html.default\">\n\t\t\t\t<div class=\"elementor-widget-container\">\n\t\t\t\t\t<div class=\"marquee-text\">\n  <div class=\"marquee-text-track\">\n    <p>CONECTAMOS PERSONAS, CREAMOS ILUSIONES<\/p>\n    <p>CONECTAMOS PERSONAS, CREAMOS ILUSIONES<\/p>\n    <p>CONECTAMOS PERSONAS, CREAMOS ILUSIONES<\/p>\n    <p>CONECTAMOS PERSONAS, CREAMOS ILUSIONES<\/p>\n    <p>CONECTAMOS PERSONAS, CREAMOS ILUSIONES<\/p>\n   <p>CONECTAMOS PERSONAS, CREAMOS ILUSIONES<\/p>\n   <p>CONECTAMOS PERSONAS, CREAMOS ILUSIONES<\/p>\n    <p aria-hidden=\"true\">CONECTAMOS PERSONAS, CREAMOS ILUSIONES<\/p>\n      <p aria-hidden=\"true\">CONECTAMOS PERSONAS, CREAMOS ILUSIONES<\/p>\n         <p aria-hidden=\"true\">CONECTAMOS PERSONAS, CREAMOS ILUSIONES<\/p>\n            <p aria-hidden=\"true\">CONECTAMOS PERSONAS, CREAMOS ILUSIONES<\/p>\n            \n           <p aria-hidden=\"true\">CONECTAMOS PERSONAS, CREAMOS ILUSIONES<\/p>\n              <p aria-hidden=\"true\">CONECTAMOS PERSONAS, CREAMOS ILUSIONES<\/p>\n                 <p aria-hidden=\"true\">CONECTAMOS PERSONAS, CREAMOS ILUSIONES<\/p>\n                    <p aria-hidden=\"true\">CONECTAMOS PERSONAS, CREAMOS ILUSIONES<\/p>\n  <\/div>\n<\/div>\t\t\t\t<\/div>\n\t\t\t\t<\/div>\n\t\t\t\t<\/div>\n\t\t\t\t<\/div>\n\t\t","protected":false},"excerpt":{"rendered":"<p>Ens mou la vocaci\u00f3 d\u2019ajudar i el comprom\u00eds d\u2019estar al teu costat.&lt;&gt; Perqu\u00e8 no pensem en immobles, pensem en persones. Equip directiu de Vilanova Ricard Vilanova, CEO de Vilanova Finques, lidera la tercera generaci\u00f3 d\u2019una empresa familiar nascuda a Reus i profundament vinculada a la ciutat. El seu avi, Joan Vilanova i Monta\u00f1\u00e0, alcalde de [&hellip;]<\/p>\n","protected":false},"author":1,"featured_media":0,"parent":0,"menu_order":0,"comment_status":"closed","ping_status":"closed","template":"","meta":{"footnotes":""},"class_list":["post-3301","page","type-page","status-publish","hentry"],"_links":{"self":[{"href":"https:\/\/vilanovafinques.com\/ca\/wp-json\/wp\/v2\/pages\/3301","targetHints":{"allow":["GET"]}}],"collection":[{"href":"https:\/\/vilanovafinques.com\/ca\/wp-json\/wp\/v2\/pages"}],"about":[{"href":"https:\/\/vilanovafinques.com\/ca\/wp-json\/wp\/v2\/types\/page"}],"author":[{"embeddable":true,"href":"https:\/\/vilanovafinques.com\/ca\/wp-json\/wp\/v2\/users\/1"}],"replies":[{"embeddable":true,"href":"https:\/\/vilanovafinques.com\/ca\/wp-json\/wp\/v2\/comments?post=3301"}],"version-history":[{"count":0,"href":"https:\/\/vilanovafinques.com\/ca\/wp-json\/wp\/v2\/pages\/3301\/revisions"}],"wp:attachment":[{"href":"https:\/\/vilanovafinques.com\/ca\/wp-json\/wp\/v2\/media?parent=3301"}],"curies":[{"name":"wp","href":"https:\/\/api.w.org\/{rel}","templated":true}]}}